{"id":2191,"date":"2019-11-25T17:29:28","date_gmt":"2019-11-25T17:29:28","guid":{"rendered":"https:\/\/villascroatiarent.com\/?page_id=2191"},"modified":"2019-11-27T09:20:57","modified_gmt":"2019-11-27T09:20:57","slug":"istrien","status":"publish","type":"page","link":"https:\/\/villascroatiarent.com\/de\/istrien\/","title":{"rendered":"Istrien"},"content":{"rendered":"\n<figure class=\"wp-block-pullquote\"><blockquote><p> Kroatien bietet Ihnen alles was Sie sich w\u00fcnschen k\u00f6nnten, um einen unvergesslichen Urlaub zu verbringen: mildes Wetter, bezaubernde Str\u00e4nde, unbefleckte Natur und umwerfende St\u00e4dte  <\/p><\/blockquote><\/figure>\n\n\n\n<p>Hunderte Kilometer K\u00fcste machen aus Kroatien das perfekte Reiseziel f\u00fcr Ihren Urlaub am Meer.<\/p>\n\n\n\n<p>Das touristische Angebot ist f\u00fcr jeden geeignet und bietet vielf\u00e4ltige Angebote f\u00fcr jeden Geschmack. Wenn Sie sportlich und abenteuerlustig sind, werden Sie lieben, die H\u00fcgel des Hinterlandes mit dem Mountainbike zu erkunden, Rafting in den Wildwassern zu praktizieren und die wundersch\u00f6nen Wassertiefen auszukundschaften.<\/p>\n\n\n\n<p>Wenn Sie einen entspannenden Urlaub bevorzugen und die Geschichte lieben, raten wir Ihr dazu, die bildsch\u00f6nen St\u00e4dte von Pula, Dubrovnik, Split und Zadar zu besichtigen.<\/p>\n\n\n\n<div class=\"wp-block-columns has-2-columns is-layout-flex wp-container-3\">\n<div class=\"wp-block-column is-layout-flow\">\n<figure class=\"wp-block-image\"><img decoding=\"async\" loading=\"lazy\" width=\"1024\" height=\"683\" src=\"https:\/\/villascroatiarent.com\/wp-content\/uploads\/2019\/09\/PulaArena-1024x683.jpg\" alt=\"Roman Arena of Pula\" class=\"wp-image-1999\" srcset=\"https:\/\/villascroatiarent.com\/wp-content\/uploads\/2019\/09\/PulaArena-1024x683.jpg 1024w, https:\/\/villascroatiarent.com\/wp-content\/uploads\/2019\/09\/PulaArena-300x200.jpg 300w, https:\/\/villascroatiarent.com\/wp-content\/uploads\/2019\/09\/PulaArena-768x512.jpg 768w, https:\/\/villascroatiarent.com\/wp-content\/uploads\/2019\/09\/PulaArena.jpg 1200w\" sizes=\"(max-width: 1024px) 100vw, 1024px\" \/><figcaption>Altes r\u00f6misches Amphitheater von Pula <\/figcaption><\/figure>\n<\/div>\n\n\n\n<div class=\"wp-block-column is-layout-flow\">\n<figure class=\"wp-block-image\"><img decoding=\"async\" loading=\"lazy\" width=\"1024\" height=\"683\" src=\"https:\/\/villascroatiarent.com\/wp-content\/uploads\/2019\/09\/IstrianTown-1024x683.jpg\" alt=\"Typical street of an Istrian town\" class=\"wp-image-2004\" srcset=\"https:\/\/villascroatiarent.com\/wp-content\/uploads\/2019\/09\/IstrianTown-1024x683.jpg 1024w, https:\/\/villascroatiarent.com\/wp-content\/uploads\/2019\/09\/IstrianTown-300x200.jpg 300w, https:\/\/villascroatiarent.com\/wp-content\/uploads\/2019\/09\/IstrianTown-768x512.jpg 768w, https:\/\/villascroatiarent.com\/wp-content\/uploads\/2019\/09\/IstrianTown.jpg 1200w\" sizes=\"(max-width: 1024px) 100vw, 1024px\" \/><figcaption>Die typische Stra\u00dfe eines istrianischen Dorfs <\/figcaption><\/figure>\n<\/div>\n<\/div>\n\n\n\n<div style=\"height:25px\" aria-hidden=\"true\" class=\"wp-block-spacer\"><\/div>\n\n\n\n<h3 class=\"wp-block-heading\">Architektonische Sehensw\u00fcrdigkeiten und atemberaubende Landschaften<\/h3>\n\n\n\n<div style=\"height:25px\" aria-hidden=\"true\" class=\"wp-block-spacer\"><\/div>\n\n\n\n<p>Ein perfektes Gleichgewicht entsteht zwischen dem atemberaubenden Blick auf die Sonnenunterg\u00e4nge \u00fcber dem Meer und den Aromen von frischen Fischgerichten.<br>Bei einem Spaziergang durch die Stra\u00dfen und Gassen der Kunstst\u00e4dte, um die typischen Produkte unseres gro\u00dfz\u00fcgigen Landes und des lokalen Kunsthandwerks zu entdecken, werden Sie eine Vielfalt an Gef\u00fchlen, Kl\u00e4ngen und Farben erleben.<br>Nach einem spannenden Boots- oder Radausflug, k\u00f6nnen Sie den Abend mit einem romantischen Abendessen ausklingen lassen, begleitet durch einen besonderen Wein mit intensivem Aroma.<br>Dies und vieles mehr kann Ihnen ein Land wie Istrien schenken.<\/p>\n\n\n\n<div style=\"height:50px\" aria-hidden=\"true\" class=\"wp-block-spacer\"><\/div>\n\n\n\n<div class=\"trip-box alignfull\"><div class=\"trip-content\">\n\n\n\n<h3 class=\"wp-block-heading\">Wie kann man Istrien erreichen?<\/h3>\n\n\n\n<span class=\"trip-mode\"><i class=\"fas fa-car\"><\/i> <b> MIT DEM AUTO <\/b><\/span>\n\n\n\n<p>Das Auto ist das beste Verkehrsmittel f\u00fcr Norditalien-Bewohner, die nach Kroatien fahren. Die Fahrt von Venedig nach Pula, der s\u00fcdlichsten Spitze Istriens, dauert nur 4 Stunden.<\/p>\n\n\n\n<p><em>ACHTUNG: Die Fahrt schlie\u00dft eine kurze Strecke Autobahn in Slowenien ein, f\u00fcr die die kostenpflichtige Autobahn-Steuermarke (Vignette) zwingend erforderlich ist.<\/em><\/p>\n\n\n\n<p><\/p>\n\n\n\n<span class=\"trip-mode\"><i class=\"fas fa-ship\"><\/i><\/i> <b> MIT DER F\u00c4HRE <\/b><\/span>\n\n\n\n<p>Wohnen Sie woanders oder haben Sie keine Lust, viele Stunden zu fahren, m\u00f6chten aber trotzdem Ihr Auto mitbringen? Dann k\u00f6nnten Sie mit der F\u00e4hre reisen, um Kroatien aus vielen verschiedenen italienischen St\u00e4dten wie z.B. Ancona, Triest, Venedig, Bari, Cesenatico, Civitanova Marche und Pesaro zu erreichen. Aus einigen dieser H\u00e4fen fahren auch schnelle Tragfl\u00fcgelboote ab, die f\u00fcr diejenigen geeignet sind, die ohne Auto Ihr Ziel schneller erreichen m\u00f6chten.<\/p>\n\n\n\n<span class=\"trip-mode\"><i class=\"fas fa-plane\"><\/i><\/i> <b> MIT DEM FLUGZEUG <\/b><\/span>\n\n\n\n<p>Eine andere M\u00f6glichkeit ist es, Kroatien mit dem Flugzeug zu erreichen.<br>Die Hauptflugh\u00e4fen befinden sich in Pula, Zadar, Dubrovnik und Split.<\/p>\n\n\n\n<\/div><\/div>\n\n\n\n<div style=\"height:50px\" aria-hidden=\"true\" class=\"wp-block-spacer\"><\/div>\n\n\n\n<h3 class=\"wp-block-heading\">Hochwertige typische K\u00fcche<\/h3>\n\n\n\n<div style=\"height:25px\" aria-hidden=\"true\" class=\"wp-block-spacer\"><\/div>\n\n\n\n<p>Die vielf\u00e4ltige kroatische K\u00fcche wurde von den vielen V\u00f6lkern beeinflusst, die mit diesem Land in Kontakt gekommen sind. Jede Region hat seine eigenen Spezialit\u00e4ten gem\u00e4\u00df den verschiedenen Merkmalen des kroatischen Gebiets.<\/p>\n\n\n\n<p>Alle Spezialit\u00e4ten sind von der Verwendung von nat\u00fcrlichen und immer frischen Rohstoffen gekennzeichnet und verbunden.<\/p>\n\n\n\n<p>In den nordischen inneren Gebieten findet man die Einfl\u00fcsse der \u00f6sterreichischen K\u00fcche und die Hauptgerichte sind gebratenes Fleisch und Bratspie\u00dfe.<\/p>\n\n\n\n<p>Wenn man den osteurop\u00e4ischen L\u00e4ndern nahekommt, findet man starke Geschm\u00e4cke durch die&nbsp; reichliche Verwendung von Knoblauch und W\u00fcrzstoff. Schmorbraten und Suppen sind typische Gerichte dieser Regionen.<\/p>\n\n\n\n<p>Wenn man sich der K\u00fcste n\u00e4hert, entdeckt man, dass die K\u00fcche komplett anders ist: dort findet man die typischen Geschm\u00e4cke und D\u00fcfte des Mittelmeergebiets. Oliven\u00f6l, frischer Fisch und Meeresfr\u00fcchte werden ausgiebig verwendet.<\/p>\n\n\n\n<p>\u00dcberall in Kroatien findet man ein weites Sortiment an Ziegen- und Schafsk\u00e4se aus den zahlreichen Farmen des Landes.<\/p>\n\n\n\n<div class=\"wp-block-columns has-3-columns is-layout-flex wp-container-7\">\n<div class=\"wp-block-column is-layout-flow\">\n<figure class=\"wp-block-image\"><img decoding=\"async\" loading=\"lazy\" width=\"1024\" height=\"683\" src=\"https:\/\/villascroatiarent.com\/wp-content\/uploads\/2019\/09\/FishDish-1024x683.jpg\" alt=\"Grilled fish dish\" class=\"wp-image-2008\" srcset=\"https:\/\/villascroatiarent.com\/wp-content\/uploads\/2019\/09\/FishDish.jpg 1024w, https:\/\/villascroatiarent.com\/wp-content\/uploads\/2019\/09\/FishDish-300x200.jpg 300w, https:\/\/villascroatiarent.com\/wp-content\/uploads\/2019\/09\/FishDish-768x512.jpg 768w\" sizes=\"(max-width: 1024px) 100vw, 1024px\" \/><figcaption> Leckere und frische Fischgerichte <\/figcaption><\/figure>\n<\/div>\n\n\n\n<div class=\"wp-block-column is-layout-flow\">\n<figure class=\"wp-block-image size-large\"><img decoding=\"async\" loading=\"lazy\" width=\"1024\" height=\"683\" src=\"https:\/\/villascroatiarent.com\/wp-content\/uploads\/2019\/09\/chevapcici-1024x683.jpg\" alt=\"Traditional Istrian\" class=\"wp-image-2018\" srcset=\"https:\/\/villascroatiarent.com\/wp-content\/uploads\/2019\/09\/chevapcici.jpg 1024w, https:\/\/villascroatiarent.com\/wp-content\/uploads\/2019\/09\/chevapcici-300x200.jpg 300w, https:\/\/villascroatiarent.com\/wp-content\/uploads\/2019\/09\/chevapcici-768x512.jpg 768w\" sizes=\"(max-width: 1024px) 100vw, 1024px\" \/><figcaption> Die traditionellen Cevapcici mit Kartoffeln <\/figcaption><\/figure>\n<\/div>\n\n\n\n<div class=\"wp-block-column is-layout-flow\">\n<figure class=\"wp-block-image size-large\"><img decoding=\"async\" loading=\"lazy\" width=\"1024\" height=\"683\" src=\"https:\/\/villascroatiarent.com\/wp-content\/uploads\/2019\/09\/FishDish-1024x683.jpg\" alt=\"Grilled fish dish\" class=\"wp-image-2010\" srcset=\"https:\/\/villascroatiarent.com\/wp-content\/uploads\/2019\/09\/FishDish.jpg 1024w, https:\/\/villascroatiarent.com\/wp-content\/uploads\/2019\/09\/FishDish-300x200.jpg 300w, https:\/\/villascroatiarent.com\/wp-content\/uploads\/2019\/09\/FishDish-768x512.jpg 768w\" sizes=\"(max-width: 1024px) 100vw, 1024px\" \/><figcaption>Frisch gegrillte Kalmare <\/figcaption><\/figure>\n<\/div>\n<\/div>\n\n\n\n<p>Wenn Sie mal keinen leckeren Fisch m\u00f6chten, k\u00f6nnen Sie Cevapcici probieren. Cevapcici sind besondere Fleischw\u00fcrste mit typischen Gew\u00fcrzen der Balkank\u00fcche.<\/p>\n\n\n\n<p>Wir empfehlen Ihnen, auch die beliebten Palacinke zu probieren: traditionelle s\u00fc\u00dfe Crepes, die mit verschiedenen Zutaten gef\u00fcllt sind.<\/p>\n\n\n\n<p>Ob Sie die eleganten und raffinierten Restaurants (Restauracija) ausw\u00e4hlen, oder Sie ein bescheidenes familiengef\u00fchrtes Lokal (Konoba) bevorzugen, Sie werden sich sicherlich in die Geschm\u00e4cke und die Vielf\u00e4ltigkeit der kroatischen K\u00fcche verlieben.<\/p>\n\n\n\n<div style=\"height:50px\" aria-hidden=\"true\" class=\"wp-block-spacer\"><\/div>\n\n\n\n<div class=\"link-box alignfull\"><div class=\"link-content\">\n\n\n\n<h3 class=\"wp-block-heading\">Link<\/h3>\n\n\n\n<p>Offizielle Webseite der istrianischen touristischen Beh\u00f6rde: <a href=\"http:\/\/www.istra.hr\">www.istra.hr<\/a><\/p>\n\n\n\n<\/div><\/div>\n","protected":false},"excerpt":{"rendered":"<p>Das ideale Reiseziel f\u00fcr Ihren Traumurlaub<\/p>\n","protected":false},"author":1,"featured_media":1997,"parent":0,"menu_order":0,"comment_status":"closed","ping_status":"closed","template":"","meta":{"_glsr_average":0,"_glsr_ranking":0,"_glsr_reviews":0,"_genesis_hide_title":false,"_genesis_hide_breadcrumbs":false,"_genesis_hide_singular_image":false,"_genesis_hide_footer_widgets":false,"_genesis_custom_body_class":"","_genesis_custom_post_class":"","_genesis_layout":"full-width-content"},"_links":{"self":[{"href":"https:\/\/villascroatiarent.com\/de\/wp-json\/wp\/v2\/pages\/2191"}],"collection":[{"href":"https:\/\/villascroatiarent.com\/de\/wp-json\/wp\/v2\/pages"}],"about":[{"href":"https:\/\/villascroatiarent.com\/de\/wp-json\/wp\/v2\/types\/page"}],"author":[{"embeddable":true,"href":"https:\/\/villascroatiarent.com\/de\/wp-json\/wp\/v2\/users\/1"}],"replies":[{"embeddable":true,"href":"https:\/\/villascroatiarent.com\/de\/wp-json\/wp\/v2\/comments?post=2191"}],"version-history":[{"count":0,"href":"https:\/\/villascroatiarent.com\/de\/wp-json\/wp\/v2\/pages\/2191\/revisions"}],"wp:featuredmedia":[{"embeddable":true,"href":"https:\/\/villascroatiarent.com\/de\/wp-json\/wp\/v2\/media\/1997"}],"wp:attachment":[{"href":"https:\/\/villascroatiarent.com\/de\/wp-json\/wp\/v2\/media?parent=2191"}],"curies":[{"name":"wp","href":"https:\/\/api.w.org\/{rel}","templated":true}]}}