{"id":2197,"date":"2019-11-25T17:31:53","date_gmt":"2019-11-25T17:31:53","guid":{"rendered":"https:\/\/villascroatiarent.com\/?page_id=2197"},"modified":"2026-03-26T11:31:59","modified_gmt":"2026-03-26T11:31:59","slug":"buchungsanfrage","status":"publish","type":"page","link":"https:\/\/villascroatiarent.com\/de\/buchungsanfrage\/","title":{"rendered":"Buchungsanfrage"},"content":{"rendered":"\n<div style=\"height:25px\" aria-hidden=\"true\" class=\"wp-block-spacer\"><\/div>\n\n<p>W\u00e4hlen Sie die Villa aus, die Sie buchen m\u00f6chten.\nW\u00e4hlen Sie einen der verf\u00fcgbaren Termine aus und klicken Sie auf die Schaltfl\u00e4che BUCHEN. \u00dcberpr\u00fcfen Sie auf dem n\u00e4chsten Bildschirm, ob Sie die richtigen Daten eingegeben haben, und w\u00e4hlen Sie etwaige Optionen aus. Fahren Sie mit der Buchung fort, indem Sie das Formular vollst\u00e4ndig ausf\u00fcllen, insbesondere die mit einem Sternchen gekennzeichneten Teile. Bitte stellen Sie sicher, dass Sie Ihre Kontaktdaten korrekt eingeben, damit wir Sie kontaktieren k\u00f6nnen.<\/p>\n\n<p>F\u00fcgen Sie Ihrer Reservierung alle Sonderw\u00fcnsche hinzu.\nSie werden innerhalb weniger Tage kontaktiert und wir erkl\u00e4ren Ihnen den weiteren Ablauf der Buchung.<\/p>\n\n<p>Weitere Informationen finden Sie unter <strong>\u201eBuchung\u201c<\/strong> und in den <strong>Allgemeinen Mietbedingungen<\/strong>.<\/p>\n\n<div style=\"height:50px\" aria-hidden=\"true\" class=\"wp-block-spacer\"><\/div>\n\n<p class=\"has-text-align-center has-pale-cyan-blue-background-color has-background\"><strong>NIEDRIGSTE PREISE NUR BEI BUCHUNG \u00dcBER UNSERE WEBSITE<\/strong>\nDie angezeigten Preise beinhalten bereits den Rabatt von 5 %<\/p>\n\n<div style=\"height:50px\" aria-hidden=\"true\" class=\"wp-block-spacer\"><\/div>\n\n<div class=\"wp-block-vikbooking-gutenberg-shortcodes\">\n<div class=\"wrap\">\n\n\t\n\t\n\t<div class=\"vblistcontainer\">\n<ul class=\"vblist\">\n\t<li class=\"room_result\">\n\t\t<div class=\"room_result-inner\">\n\t\t\t<div class=\"vblistroomblock\">\n\t\t\t\t\t\t\t<div class=\"vbimglistdiv\">\n\t\t\t\t\t<a class=\"vbo-roomslist-imglink\" href=\"https:\/\/villascroatiarent.com\/en\/reservation\/booking-chiara\/\">\n\t\t\t\t\t\t<img src=\"https:\/\/villascroatiarent.com\/wp-content\/plugins\/vikbooking\/site\/resources\/uploads\/chiara1.jpg\" alt=\"Villa Chiara\" class=\"vblistimg\"\/>\n\t\t\t\t\t<\/a>\n\t\t\t\t\t\t\t\t<\/div>\n\t\t\t\t\t\t\t<div class=\"vbo-info-room\">\n\t\t\t\t\t<div class=\"vbdescrlistdiv\">\n\t\t\t\t\t\t<a class=\"vbrowcname\" href=\"https:\/\/villascroatiarent.com\/en\/reservation\/booking-chiara\/\">Villa Chiara<\/a>\n\t\t\t\t\t\t<span class=\"vblistroomcat\">Villa singola<\/span>\n\t\t\t\t\t\t<div class=\"vbrowcdescr\">Gro\u00dfr\u00e4umige und moderne Villa mit privatem Schwimmbad in der N\u00e4he von Labin<\/div>\n\t\t\t\t\t<\/div>\n\t\t\t\t\t\t\t\t\t<div class=\"roomlist_carats\">\n\t\t\t\t\t<div class=\"vbo-room-carats\">\n<span class=\"vbo-room-carat\"><span class=\"vbo-expl\" data-vbo-expl=\"WiFi\"><i class=\"fas fa-wifi\"><\/i><\/span><\/span>\n<span class=\"vbo-room-carat\"><span class=\"vbo-expl\" data-vbo-expl=\"TV\"><i class=\"fas fa-tv\"><\/i><\/span><\/span>\n<span class=\"vbo-room-carat\"><span class=\"vbo-expl\" data-vbo-expl=\"Aria condizionata\"><i class=\"fas fa-snowflake\"><\/i><\/span><\/span>\n<span class=\"vbo-room-carat\"><span class=\"vbo-expl\" data-vbo-expl=\"4 Bagni\"><i class=\"fas fa-bath\"><\/i><\/span><\/span>\n<span class=\"vbo-room-carat\"><span class=\"vbo-expl\" data-vbo-expl=\"Piscina privata\"><i class=\"fas fa-swimming-pool\"><\/i><\/span><\/span>\n<span class=\"vbo-room-carat\"><span class=\"vbo-expl\" data-vbo-expl=\"Parcheggio privato\"><i class=\"fas fa-parking\"><\/i><\/span><\/span>\n<span class=\"vbo-room-carat\"><span class=\"vbo-expl\" data-vbo-expl=\"Area giochi\"><i class=\"fas fa-table-tennis\"><\/i><\/span><\/span>\n<span class=\"vbo-room-carat\"><span class=\"vbo-expl\" data-vbo-expl=\"Camera da letto con bagno privato\"><i class=\"fas fa-bed\"><\/i><\/span><\/span>\n<span class=\"vbo-room-carat\"><span class=\"vbo-expl\" data-vbo-expl=\"Cucina attrezzata\"><i class=\"fas fa-coffee\"><\/i><\/span><\/span>\n<\/div>\n\t\t\t\t\t<\/div>\n\t\t\t\t\t\t\t\t\t<\/div>\n\t\t\t<\/div>\n\n\t\t\t<div class=\"vbcontdivtot\">\n\t\t\t\t<div class=\"vbdivtot\">\n\t\t\t\t\t<div class=\"vbdivtotinline\">\n\t\t\t\t\t\t<div class=\"vbsrowprice\">\n\t\t\t\t\t\t\t<div class=\"vbrowroomcapacity\">\n\t\t\t\t\t\t\t<i class=\"fas fa-male\"><\/i>\t\t\t\t\t\t\t\t<i class=\"fas fa-male\"><\/i>\t\t\t\t\t\t\t\t<i class=\"fas fa-male\"><\/i>\t\t\t\t\t\t\t\t<i class=\"fas fa-male\"><\/i>\t\t\t\t\t\t\t\t<i class=\"fas fa-male\"><\/i>\t\t\t\t\t\t\t\t<i class=\"fas fa-male\"><\/i>\t\t\t\t\t\t\t\t<i class=\"fas fa-male\"><\/i>\t\t\t\t\t\t\t\t<i class=\"fas fa-male\"><\/i>\t\t\t\t\t\t\t\t<i class=\"fas fa-male\"><\/i>\t\t\t\t\t\t\t\t\t\t\t<\/div>\n\t\t\t\t\t\t\t\t\t\t<div class=\"vbsrowpricediv\">\n\t\t\t\t\t\t\t\t<span class=\"room_cost\"><span class=\"vbo_currency\">\u20ac<\/span> <span class=\"vbo_price\">192,00<\/span><\/span>\n\t\t\t\t\t\t\t\t<span class=\"vbliststartfrom\">pro Tag<\/span>\n\t\t\t\t\t\t\t\t\t\t\t\t\t\t\t\t<div class=\"vbliststartfrom-subtxt\">Prezzo base bassa stagione<\/div>\n\t\t\t\t\t\t\t\t\t\t\t\t\t\t\t\t<\/div>\n\t\t\t\t\t\t\n\t\t\t\t\t\t<\/div>\n\t\t\t\t\t\t<div class=\"vbselectordiv\">\n\t\t\t\t\t\t\t<div class=\"vbselectr\"><a href=\"https:\/\/villascroatiarent.com\/en\/reservation\/booking-chiara\/\">Einzelheiten<\/a><\/div>\n\t\t\t\t\t\t<\/div>\t\t\t\n\t\t\t\t\t<\/div>\n\t\t\t\t<\/div>\n\t\t\t<\/div>\n\t\t<\/div>\n\t<\/li>\n\t\t<li class=\"room_result\">\n\t\t<div class=\"room_result-inner\">\n\t\t\t<div class=\"vblistroomblock\">\n\t\t\t\t\t\t\t<div class=\"vbimglistdiv\">\n\t\t\t\t\t<a class=\"vbo-roomslist-imglink\" href=\"https:\/\/villascroatiarent.com\/en\/reservation\/booking-debora\/\">\n\t\t\t\t\t\t<img src=\"https:\/\/villascroatiarent.com\/wp-content\/plugins\/vikbooking\/site\/resources\/uploads\/debora_featured.jpg\" alt=\"Villa Debora\" class=\"vblistimg\"\/>\n\t\t\t\t\t<\/a>\n\t\t\t\t\t\t\t\t<\/div>\n\t\t\t\t\t\t\t<div class=\"vbo-info-room\">\n\t\t\t\t\t<div class=\"vbdescrlistdiv\">\n\t\t\t\t\t\t<a class=\"vbrowcname\" href=\"https:\/\/villascroatiarent.com\/en\/reservation\/booking-debora\/\">Villa Debora<\/a>\n\t\t\t\t\t\t<span class=\"vblistroomcat\">Villa singola<\/span>\n\t\t\t\t\t\t<div class=\"vbrowcdescr\">Elegante Villa mit privatem Schwimmbad in der N\u00e4he von Labin<\/div>\n\t\t\t\t\t<\/div>\n\t\t\t\t\t\t\t\t\t<div class=\"roomlist_carats\">\n\t\t\t\t\t<div class=\"vbo-room-carats\">\n<span class=\"vbo-room-carat\"><span class=\"vbo-expl\" data-vbo-expl=\"WiFi\"><i class=\"fas fa-wifi\"><\/i><\/span><\/span>\n<span class=\"vbo-room-carat\"><span class=\"vbo-expl\" data-vbo-expl=\"TV\"><i class=\"fas fa-tv\"><\/i><\/span><\/span>\n<span class=\"vbo-room-carat\"><span class=\"vbo-expl\" data-vbo-expl=\"Aria condizionata\"><i class=\"fas fa-snowflake\"><\/i><\/span><\/span>\n<span class=\"vbo-room-carat\"><span class=\"vbo-expl\" data-vbo-expl=\"4 Bagni\"><i class=\"fas fa-bath\"><\/i><\/span><\/span>\n<span class=\"vbo-room-carat\"><span class=\"vbo-expl\" data-vbo-expl=\"Piscina privata\"><i class=\"fas fa-swimming-pool\"><\/i><\/span><\/span>\n<span class=\"vbo-room-carat\"><span class=\"vbo-expl\" data-vbo-expl=\"Parcheggio privato\"><i class=\"fas fa-parking\"><\/i><\/span><\/span>\n<span class=\"vbo-room-carat\"><span class=\"vbo-expl\" data-vbo-expl=\"Area giochi\"><i class=\"fas fa-table-tennis\"><\/i><\/span><\/span>\n<span class=\"vbo-room-carat\"><span class=\"vbo-expl\" data-vbo-expl=\"Camera da letto con bagno privato\"><i class=\"fas fa-bed\"><\/i><\/span><\/span>\n<span class=\"vbo-room-carat\"><span class=\"vbo-expl\" data-vbo-expl=\"Cucina attrezzata\"><i class=\"fas fa-coffee\"><\/i><\/span><\/span>\n<\/div>\n\t\t\t\t\t<\/div>\n\t\t\t\t\t\t\t\t\t<\/div>\n\t\t\t<\/div>\n\n\t\t\t<div class=\"vbcontdivtot\">\n\t\t\t\t<div class=\"vbdivtot\">\n\t\t\t\t\t<div class=\"vbdivtotinline\">\n\t\t\t\t\t\t<div class=\"vbsrowprice\">\n\t\t\t\t\t\t\t<div class=\"vbrowroomcapacity\">\n\t\t\t\t\t\t\t<i class=\"fas fa-male\"><\/i>\t\t\t\t\t\t\t\t<i class=\"fas fa-male\"><\/i>\t\t\t\t\t\t\t\t<i class=\"fas fa-male\"><\/i>\t\t\t\t\t\t\t\t<i class=\"fas fa-male\"><\/i>\t\t\t\t\t\t\t\t<i class=\"fas fa-male\"><\/i>\t\t\t\t\t\t\t\t<i class=\"fas fa-male\"><\/i>\t\t\t\t\t\t\t\t<i class=\"fas fa-male\"><\/i>\t\t\t\t\t\t\t\t<i class=\"fas fa-male\"><\/i>\t\t\t\t\t\t\t\t<i class=\"fas fa-male\"><\/i>\t\t\t\t\t\t\t\t\t\t\t<\/div>\n\t\t\t\t\t\t\t\t\t\t<div class=\"vbsrowpricediv\">\n\t\t\t\t\t\t\t\t<span class=\"room_cost\"><span class=\"vbo_currency\">\u20ac<\/span> <span class=\"vbo_price\">192,00<\/span><\/span>\n\t\t\t\t\t\t\t\t<span class=\"vbliststartfrom\">pro Tag<\/span>\n\t\t\t\t\t\t\t\t\t\t\t\t\t\t\t\t<div class=\"vbliststartfrom-subtxt\">Prezzo base bassa stagione<\/div>\n\t\t\t\t\t\t\t\t\t\t\t\t\t\t\t\t<\/div>\n\t\t\t\t\t\t\n\t\t\t\t\t\t<\/div>\n\t\t\t\t\t\t<div class=\"vbselectordiv\">\n\t\t\t\t\t\t\t<div class=\"vbselectr\"><a href=\"https:\/\/villascroatiarent.com\/en\/reservation\/booking-debora\/\">Einzelheiten<\/a><\/div>\n\t\t\t\t\t\t<\/div>\t\t\t\n\t\t\t\t\t<\/div>\n\t\t\t\t<\/div>\n\t\t\t<\/div>\n\t\t<\/div>\n\t<\/li>\n\t\t<li class=\"room_result\">\n\t\t<div class=\"room_result-inner\">\n\t\t\t<div class=\"vblistroomblock\">\n\t\t\t\t\t\t\t<div class=\"vbimglistdiv\">\n\t\t\t\t\t<a class=\"vbo-roomslist-imglink\" href=\"https:\/\/villascroatiarent.com\/en\/reservation\/prenotazione-villa-laura\/\">\n\t\t\t\t\t\t<img src=\"https:\/\/villascroatiarent.com\/wp-content\/plugins\/vikbooking\/site\/resources\/uploads\/laura01.jpg\" alt=\"Villa Laura\" class=\"vblistimg\"\/>\n\t\t\t\t\t<\/a>\n\t\t\t\t\t\t\t\t<\/div>\n\t\t\t\t\t\t\t<div class=\"vbo-info-room\">\n\t\t\t\t\t<div class=\"vbdescrlistdiv\">\n\t\t\t\t\t\t<a class=\"vbrowcname\" href=\"https:\/\/villascroatiarent.com\/en\/reservation\/prenotazione-villa-laura\/\">Villa Laura<\/a>\n\t\t\t\t\t\t<span class=\"vblistroomcat\">Villa 5 stelle<\/span>\n\t\t\t\t\t\t<div class=\"vbrowcdescr\">Gro\u00dfr\u00e4umige 3-Schlafzimmer-Villa \u2013 maximal 7 G\u00e4ste<\/div>\n\t\t\t\t\t<\/div>\n\t\t\t\t\t\t\t\t\t<div class=\"roomlist_carats\">\n\t\t\t\t\t<div class=\"vbo-room-carats\">\n<span class=\"vbo-room-carat\"><span class=\"vbo-expl\" data-vbo-expl=\"WiFi\"><i class=\"fas fa-wifi\"><\/i><\/span><\/span>\n<span class=\"vbo-room-carat\"><span class=\"vbo-expl\" data-vbo-expl=\"TV\"><i class=\"fas fa-tv\"><\/i><\/span><\/span>\n<span class=\"vbo-room-carat\"><span class=\"vbo-expl\" data-vbo-expl=\"Aria condizionata\"><i class=\"fas fa-snowflake\"><\/i><\/span><\/span>\n<span class=\"vbo-room-carat\"><span class=\"vbo-expl\" data-vbo-expl=\"Piscina privata\"><i class=\"fas fa-swimming-pool\"><\/i><\/span><\/span>\n<span class=\"vbo-room-carat\"><span class=\"vbo-expl\" data-vbo-expl=\"Parcheggio privato\"><i class=\"fas fa-parking\"><\/i><\/span><\/span>\n<span class=\"vbo-room-carat\"><span class=\"vbo-expl\" data-vbo-expl=\"Area giochi\"><i class=\"fas fa-table-tennis\"><\/i><\/span><\/span>\n<span class=\"vbo-room-carat\"><span class=\"vbo-expl\" data-vbo-expl=\"Camera da letto con bagno privato\"><i class=\"fas fa-bed\"><\/i><\/span><\/span>\n<span class=\"vbo-room-carat\"><span class=\"vbo-expl\" data-vbo-expl=\"Cucina attrezzata\"><i class=\"fas fa-coffee\"><\/i><\/span><\/span>\n<span class=\"vbo-room-carat\"><span class=\"vbo-expl\" data-vbo-expl=\"Palestra\"><i class=\"fas fa-dumbbell\"><\/i><\/span><\/span>\n<span class=\"vbo-room-carat\"><span class=\"vbo-expl\" data-vbo-expl=\"No smoking\"><i class=\"fas fa-smoking-ban\"><\/i><\/span><\/span>\n<span class=\"vbo-room-carat\"><span class=\"vbo-expl\" data-vbo-expl=\"Paesaggio\"><i class=\"fas fa-image\"><\/i><\/span><\/span>\n<span class=\"vbo-room-carat\"><span class=\"vbo-expl\" data-vbo-expl=\"Mini Bar\"><i class=\"fas fa-cocktail\"><\/i><\/span><\/span>\n<span class=\"vbo-room-carat\"><span class=\"vbo-expl\" data-vbo-expl=\"Vasca idromassaggio\"><i class=\"fas fa-hot-tub\"><\/i><\/span><\/span>\n<\/div>\n\t\t\t\t\t<\/div>\n\t\t\t\t\t\t\t\t\t<\/div>\n\t\t\t<\/div>\n\n\t\t\t<div class=\"vbcontdivtot\">\n\t\t\t\t<div class=\"vbdivtot\">\n\t\t\t\t\t<div class=\"vbdivtotinline\">\n\t\t\t\t\t\t<div class=\"vbsrowprice\">\n\t\t\t\t\t\t\t<div class=\"vbrowroomcapacity\">\n\t\t\t\t\t\t\t<i class=\"fas fa-male\"><\/i>\t\t\t\t\t\t\t\t<i class=\"fas fa-male\"><\/i>\t\t\t\t\t\t\t\t<i class=\"fas fa-male\"><\/i>\t\t\t\t\t\t\t\t<i class=\"fas fa-male\"><\/i>\t\t\t\t\t\t\t\t<i class=\"fas fa-male\"><\/i>\t\t\t\t\t\t\t\t<i class=\"fas fa-male\"><\/i>\t\t\t\t\t\t\t\t<i class=\"fas fa-male\"><\/i>\t\t\t\t\t\t\t\t\t\t\t<\/div>\n\t\t\t\t\t\t\t\t\t\t<div class=\"vbsrowpricediv\">\n\t\t\t\t\t\t\t\t<span class=\"room_cost\"><span class=\"vbo_currency\">\u20ac<\/span> <span class=\"vbo_price\">221,00<\/span><\/span>\n\t\t\t\t\t\t\t\t<span class=\"vbliststartfrom\">pro Tag<\/span>\n\t\t\t\t\t\t\t\t\t\t\t\t\t\t\t\t<div class=\"vbliststartfrom-subtxt\">Prezzo base bassa stagione<\/div>\n\t\t\t\t\t\t\t\t\t\t\t\t\t\t\t\t<\/div>\n\t\t\t\t\t\t\n\t\t\t\t\t\t<\/div>\n\t\t\t\t\t\t<div class=\"vbselectordiv\">\n\t\t\t\t\t\t\t<div class=\"vbselectr\"><a href=\"https:\/\/villascroatiarent.com\/en\/reservation\/prenotazione-villa-laura\/\">Einzelheiten<\/a><\/div>\n\t\t\t\t\t\t<\/div>\t\t\t\n\t\t\t\t\t<\/div>\n\t\t\t\t<\/div>\n\t\t\t<\/div>\n\t\t<\/div>\n\t<\/li>\n\t<\/ul>\n<\/div>\n\n\n<\/div>\n<\/div>\r\n\n<p><\/p>\n","protected":false},"excerpt":{"rendered":"<p>W\u00e4hlen Sie die Villa aus, die Sie buchen m\u00f6chten. W\u00e4hlen Sie einen der verf\u00fcgbaren Termine aus und klicken Sie auf die Schaltfl\u00e4che BUCHEN. \u00dcberpr\u00fcfen Sie auf dem n\u00e4chsten Bildschirm, ob Sie die richtigen Daten eingegeben haben, und w\u00e4hlen Sie etwaige Optionen aus. Fahren Sie mit der Buchung fort, indem Sie das Formular vollst\u00e4ndig ausf\u00fcllen, insbesondere [&hellip;]<\/p>\n","protected":false},"author":1,"featured_media":0,"parent":0,"menu_order":4,"comment_status":"closed","ping_status":"closed","template":"","meta":{"_glsr_average":0,"_glsr_ranking":0,"_glsr_reviews":0,"_genesis_hide_title":false,"_genesis_hide_breadcrumbs":false,"_genesis_hide_singular_image":false,"_genesis_hide_footer_widgets":false,"_genesis_custom_body_class":"","_genesis_custom_post_class":"","_genesis_layout":""},"_links":{"self":[{"href":"https:\/\/villascroatiarent.com\/de\/wp-json\/wp\/v2\/pages\/2197"}],"collection":[{"href":"https:\/\/villascroatiarent.com\/de\/wp-json\/wp\/v2\/pages"}],"about":[{"href":"https:\/\/villascroatiarent.com\/de\/wp-json\/wp\/v2\/types\/page"}],"author":[{"embeddable":true,"href":"https:\/\/villascroatiarent.com\/de\/wp-json\/wp\/v2\/users\/1"}],"replies":[{"embeddable":true,"href":"https:\/\/villascroatiarent.com\/de\/wp-json\/wp\/v2\/comments?post=2197"}],"version-history":[{"count":5,"href":"https:\/\/villascroatiarent.com\/de\/wp-json\/wp\/v2\/pages\/2197\/revisions"}],"predecessor-version":[{"id":3314,"href":"https:\/\/villascroatiarent.com\/de\/wp-json\/wp\/v2\/pages\/2197\/revisions\/3314"}],"wp:attachment":[{"href":"https:\/\/villascroatiarent.com\/de\/wp-json\/wp\/v2\/media?parent=2197"}],"curies":[{"name":"wp","href":"https:\/\/api.w.org\/{rel}","templated":true}]}}