{"id":2204,"date":"2019-11-25T17:35:18","date_gmt":"2019-11-25T17:35:18","guid":{"rendered":"https:\/\/villascroatiarent.com\/?page_id=2204"},"modified":"2021-11-12T10:13:15","modified_gmt":"2021-11-12T10:13:15","slug":"mietbedingungen","status":"publish","type":"page","link":"https:\/\/villascroatiarent.com\/de\/mietbedingungen\/","title":{"rendered":"Allgemeine Mietbedingungen"},"content":{"rendered":"\n<div style=\"height:50px\" aria-hidden=\"true\" class=\"wp-block-spacer\"><\/div>\n\n\n\n<p><strong>1. Vorbemerkungen<\/strong><br>In den hier aufgef\u00fchrten \u201cAllgemeinen Mietbedingungen\u201d versteht man:<br>&#8211; Unter <em>\u201cBesitzer\u201d<\/em> <strong>Onda Blu D.O.O.<\/strong><br>&#8211; Unter <em>\u201cKunde\u201d<\/em>, denjenigen, der die Buchung durchf\u00fchrt und den Service und die von <strong>Onda Blu D.O.O.<\/strong> zur Miete angebotenen Einrichtungen nutzt.<br>&#8211; Unter <em>\u201cBuchung\u201d<\/em>, die Anfrage des Kunden eine Villa f\u00fcr einen gewissen Zeitraum anzumieten.<br>&#8211; Unter <em>\u201cVertragsvorschlag\u201d<\/em>, die Mitteilung von <strong>Onda Blu D.O.O.<\/strong> der Verf\u00fcgbarkeit einer Villa f\u00fcr den Kunden, infolge des Erhalts einer Buchung. Dieser beinhaltet Details des Angebots und die Aufforderung die Anzahlung zuzusenden.<br>&#8211; Unter <em>\u201cBuchungsbest\u00e4tigung\u201d<\/em>, die Best\u00e4tigung von <strong>Onda Blu D.O.O.<\/strong> des Erhalts der Anzahlung und Abschluss des Mietvertrages.<br>&#8211; Unter <em>\u201cMietvertrag\u201d<\/em>, den Vertrag, welcher zwischen <strong>Onda Blu D.O.O.<\/strong> und dem Kunden abgeschlossen wird.<br>&#8211; Unter <em>\u201cVertragsbedingungen\u201d<\/em>, die Bedingungen und die Normen, welchen die Unterkunft unterliegt.<\/p>\n\n\n\n<p><strong>2. Buchung und Abschluss des Mietvertrages<\/strong><br>Der Mietvertrag gilt als abgeschlossen, wenn der Kunde die Buchungsbest\u00e4tigung erh\u00e4lt, die <strong>Onda Blu D.O.O.<\/strong> nach Erhalt der von dem Kunden geleisteten Anzahlung ( Art. 3) versendet. <br>Die Buchungsbest\u00e4tigung muss von dem Kunden bei Schl\u00fcssel\u00fcbergabe der gemieteten Villa vorgelegt werden.<br>Im Anhang der Buchungsbest\u00e4tigung befindet sich ein Formular, welches die Hausbewohnerliste beinhaltet. Diese muss ausgef\u00fcllt, unterschrieben und umgehend an <strong>Onda Blu D.O.O.<\/strong> per E-mail an<a href=\"mailto:info@villascroatiarent.com\"> info@villascroatiarent.com<\/a> zur\u00fcckgeschickt werden.<\/p>\n\n\n\n<p><strong>3. Anzahlung und Bezahlung der Miete<\/strong><br>Der Restbetrag in Bezug auf die Anzahlung und weitere Details werden mit dem Vertragsvorschlag mitgeteilt. Die Anzahlung entspricht in jedem Fall 30 % der Unterkunftsmiete und muss durch Bank\u00fcberweisung zugesandt werden <em>(siehe Zahlung zur Best\u00e4tigung)<\/em>.<br>Die Anzahlung muss innerhalb von 8 Tagen nachdem dem Kunden die Verf\u00fcgbarkeit der Unterkunft f\u00fcr den angefragten Zeitraum mitgeteilt worden ist, bei <strong>Onda Blu D.O.O.<\/strong> eintreffen. Als Zahlungszweck muss auf jeden Fall die Vertragsvorschlagnummer, sowie der Name und Nachname des Buchungsinhabers, die pr\u00e4zise Anzahl der Einwohner (in Erwachsene, Kinder und Babys unterteilt) angegeben werden.<br><strong>Onda Blu D.O.O.<\/strong> beh\u00e4lt sich das Recht vor, Anzahlungen die sp\u00e4ter als 8 Tage eintreffen nachdem die Verf\u00fcgbarkeit mitgeteilt worden ist, nicht zu akzeptieren und die Buchung automatisch zu stornieren.<br>Die Restzahlung muss 30 Tage vor Ankunft in der Villa durch Bank\u00fcberweisung bezahlt werden, dazu ist es zwingend erforderlich, die Kopie der Zahlung per E-mail an <a href=\"mailto:info@villascroatiarent.com\">info@villascroatiarent.com<\/a> zu schicken.<br>Eine Vertrauensperson wird Sie willkommen hei\u00dfen und Ihnen nach Barbezahlung der Ortstaxe  von \u20ac 1,35\/pro Person\/pro Tag die Sch\u00fcssel der Villa \u00fcberreichen und Ihre Daten aufnehmen.<\/p>\n\n\n\n<p>Ausschliesslich fuer Villa Laura, das Heizwasser fuer den Schwimmbad: Hydromassage Wasche \u20ac 10,00 Pro Tag (Mindestens 7 Tage) und den Grossen Schwimmbad und Kinder Schwimmbad \u20ac 30,00 Pro Tag (Mindestens 7 Tage).<br>Der Service muss bei der ankunft bezahlt in Bargeld werden.<\/p>\n\n\n\n<p>KONTAKTE VOR ORT<br>Frau Zuljani Dobri\u0107 natalija (00385) 091 5051837<br>Herr Dobri\u0107 Eler (00385) 091 1779241<br>Email: <a href=\"mailto:natalijazuljanid@gmail.com\">natalijazuljanid@gmail.com<\/a><\/p>\n\n\n\n<p><strong>4. K\u00fcndigung und R\u00fccktritt<\/strong><br>Im Falle eines Reiser\u00fccktritts wegen ernsten Gr\u00fcnden verlieren Sie Ihre bereits geleistete Anzahlung nicht, wenn Sie uns durch eine E-Mail an <a href=\"mailto:info@villascroatiarent.com\">info@villascroatiarent.com<\/a> informieren. F\u00fcr Absagen, die mind. 4 Wochen vor dem eigentlichen Urlaubsbeginn mitgeteilt werden, k\u00f6nnen Sie eine Gutschrift f\u00fcr den geleisteten Gesamtbetrag der Anzahlung erhalten, welche f\u00fcr das laufende Jahr oder das darauffolgende in einer unserer Villen eingel\u00f6st werden kann.<br>Nur Stornierungen, die mindestens 28 Tage vor dem beginn des Aufenthalts eingehen, berechtigen zur die Rueckerstattung.<\/p>\n\n\n\n<p><strong>5. Ankunft, nicht angetretene Ankunft und fr\u00fchzeitige Abreise<\/strong><br>Die Ankunft muss am festgelegten Tag zwischen 16.00 und 19.00 Uhr am Nachmittag erfolgen. Bei der Ankunft m\u00fcssen f\u00fcr die Registrierung alle Ausweise der Personen, die die Villa bewohnen, vorgelegt werden.<br>Im Falle einer Versp\u00e4tung muss der Kunde unseren Sachbearbeiter rechtzeitig informieren. Sollte dieses nicht der Fall sein, wird die Villa bis um 10.00 Uhr des darauffolgenden Tages frei gehalten. Danach beh\u00e4lt sich <strong>Onda Blu D.O.O.<\/strong> das Recht vor an dritte weiterzuvermieten.<br>Sollte der Kunde fr\u00fcher als vereinbart freiwillig abreisen, so hat er in keinem Fall das Recht auf einen Mieterlass, folglich kann er auch keine Kostenr\u00fcckerstattung verlangen.<\/p>\n\n\n\n<p><strong>6. Aufenthaltsnormen und vorgesehene Strafen bei Verst\u00f6\u00dfen<\/strong><br>Es ist untersagt mehr Personen als f\u00fcr die jeweilige Unterkunft vom Vertragsvorschlag vorgesehene und in der Hausbewohnerliste &#8211; welche der Buchungsbest\u00e4tigung beiliegt &#8211; eingetragene Personenzahl zu beherbergen. Diesbez\u00fcglich werden Kinder wie Erwachsene gez\u00e4hlt.Die G\u00e4ste sind gebeten die Hausordnung zu respektieren und gewissenhaft die allgemeinen Normen der Ruhezeiten, vor allem w\u00e4hrend der Hauptruhezeiten am Nachmittag und in der Nacht, zu beachten, indem sie Krach und l\u00e4stigen L\u00e4rm vermeiden. Der Gast hat sich zu bem\u00fchen auf die Villa (W\u00e4nde, Fu\u00dfb\u00f6den,\u2026etc.), Haushaltsger\u00e4te (Geschirr, K\u00fchlschrank, Induktionsherd,\u2026etc.) und die Einrichtung (M\u00f6bel, Betten, Tische,\u2026etc.) zu achten.<br>Bitte stellen Sie die Gartenst\u00fchle- und Tische in die Villa wann immer Sie diese verlassen und diese somit unbeaufsichtigt bleiben. <br>Eventuelle besch\u00e4digte oder gestohlene Objekte m\u00fcssen vom Kunden entsch\u00e4digt werden. Haustiere (max. 8 kg) sind nur erlaubt, gegen Bezahlung einer Geb\u00fchr von \u20ac 10,00 pro Tag.\u00a0Bitte das Haustier bei der Buchung anmelden.\u00a0Die Nutzung von eigenen \u00d6fen, Elektroherden und Klimager\u00e4ten ist nicht gestattet.<br>In Bezug auf die Verhaltensregeln f\u00fcr den Aufenthalt, vor allem, aber nicht nur auf die Anzahl der Personen beziehend, sondern auch auf die Instandhaltung der Villa und die Respektierung der Ruhezeiten, beh\u00e4lt sich <strong>Onda Blu D.O.O.<\/strong> das Recht vor unter h\u00f6chster Diskretion die \u00d6rtlichkeiten zu inspizieren, um die gewissenhafte Beachtung zu pr\u00fcfen. Wenn bei der Inspektion schwerwiegende Verst\u00f6\u00dfe auftreten sollten, gilt der Mietvertrag laut Gesetz zu Lasten des Klienten sofort als hinf\u00e4llig und <strong>Onda Blu D.O.O. <\/strong>kann die sofortige R\u00e4umung der Villa fordern und kann sich zus\u00e4tzlich, im gegebenen Fall, an die Ordnungskr\u00e4fte wenden. <strong>Onda Blu D.O.O.<\/strong> beh\u00e4lt sich das Recht voreventuelle Schadensersatzanspr\u00fcche einzufordern.<\/p>\n\n\n\n<p><strong>7. Ausstattung der Villa<\/strong><br>Alle Villen werden komplett ausgestattet vergeben und verf\u00fcgen \u00fcber einen Induktionsherd und K\u00fchlschrank mit Eisspender, sowie K\u00fcchenutensilien (T\u00f6pfe, Teller, Gl\u00e4ser, Geschirr, etc.), flie\u00dfend Kalt- und Warmwasser, elektr. Strom von 220 V.<br>F\u00fcr jeden Schlafplatz sind eine Decke, ein Kissen, Bettw\u00e4sche und Handt\u00fccher vorgesehen und die Verwendung des Schwimmbad beinhaltet auch das Handtuch.<\/p>\n\n\n\n<p><strong>8. Abreise<\/strong><br>Die Villa muss am Abreisetag bis 10.00 Uhr verlassen werden, um dem Personal die M\u00f6glichkeit zu geben, den Stand und die Sauberkeit der Villa zu kontrollieren.<br>Die Villa muss ordentlich, frei von M\u00fcll, mit leerem K\u00fchlschrank, gesp\u00fcltem Geschirr und perfekt gereinigter Kochnische hinterlassen werden.<\/p>\n\n\n\n<p><strong>9. Kaution<\/strong><br>Der Kunde bem\u00fcht sich vom ersten Moment an die Villa in perfekter Ordnung zu lassen. Zur Garantie der genauen Einhaltung aller Verhaltensregeln, Instandhaltung undkorrekten Nutzung der Villa, muss der Kunde bei Schl\u00fcssel\u00fcbergabe eine Kaution von Euro 400,00 hinterlegen. Diese Kaution wird bei der Abreise zur\u00fcckerstattet, nachdem der ordnungsgem\u00e4\u00dfe Zustand der Villa festgestellt wurde.<\/p>\n\n\n\n<p><strong>10. Verantwortung<\/strong><br><strong>Onda Blu D.O.O.<\/strong> kann nicht f\u00fcr eventuelle Sch\u00e4den, Unf\u00e4lle, Verluste, Diebst\u00e4hle, Versp\u00e4tungen und Unannehmlichkeiten, die sich in der Villa zutragen sollten, verantwortlich gemacht werden. <strong>Onda Blu D.O.O.<\/strong> stellt jedoch jederzeit seinen Service zur Verf\u00fcgung, um zu helfen und eventuelle Probleme zu l\u00f6sen, davon ausgehend, dass eventuelle nachweisliche Schadensersatzanspr\u00fcche direkt mit der Agentur vorOrt vereinbart werden.<br>Sollte die Klimaanlage nicht funktionieren, wird maximal eine Pauschale von 10% vom Tagesmietpreis zur\u00fcckerstattet, und nur f\u00fcr die Tage, an denen die Klimaanlage nicht funktioniert hat. Im Falle von gesetzlichen Unstimmigkeiten ist ausschlie\u00dflich der Gerichtsstand von Pula verantwortlich.<\/p>\n\n\n\n<p><strong>11. Besondere Normen<\/strong><br><strong>Onda Blu D.O.O.<\/strong> beh\u00e4lt sich das Recht vor &#8211; im Fall von Unvorhersehbarkeiten bei der Zuteilung der gebuchten Villa &#8211; diese durch eine andere gleichwertige zu ersetzen, die die gleichen Charakteristiken aufweist.<br>Die Einrichtungszusammenstellung kann au\u00dfergew\u00f6hnlichen Variationen unterliegen.<br>Es wird darauf hingewiesen, dass das Personal von <strong>Onda Blu D.O.O.<\/strong> autorisiert ist, die Villen f\u00fcr m\u00f6gliche Reparaturen und Instandhaltungen auch bei Abwesenheit des Klienten zu betreten.<\/p>\n\n\n\n<p><strong>12. Annahme<\/strong><br>Beim Buchungsvorgang akzeptiert der Mieter ausnahmslos alle hier aufgef\u00fchrten Bedingungen.<\/p>\n","protected":false},"excerpt":{"rendered":"<p>1. VorbemerkungenIn den hier aufgef\u00fchrten \u201cAllgemeinen Mietbedingungen\u201d versteht man:&#8211; Unter \u201cBesitzer\u201d Onda Blu D.O.O.&#8211; Unter \u201cKunde\u201d, denjenigen, der die Buchung durchf\u00fchrt und den Service und die von Onda Blu D.O.O. zur Miete angebotenen Einrichtungen nutzt.&#8211; Unter \u201cBuchung\u201d, die Anfrage des Kunden eine Villa f\u00fcr einen gewissen Zeitraum anzumieten.&#8211; Unter \u201cVertragsvorschlag\u201d, die Mitteilung von Onda Blu [&hellip;]<\/p>\n","protected":false},"author":1,"featured_media":0,"parent":0,"menu_order":7,"comment_status":"closed","ping_status":"closed","template":"","meta":{"_glsr_average":0,"_glsr_ranking":0,"_glsr_reviews":0,"_genesis_hide_title":false,"_genesis_hide_breadcrumbs":false,"_genesis_hide_singular_image":false,"_genesis_hide_footer_widgets":false,"_genesis_custom_body_class":"","_genesis_custom_post_class":"","_genesis_layout":""},"_links":{"self":[{"href":"https:\/\/villascroatiarent.com\/de\/wp-json\/wp\/v2\/pages\/2204"}],"collection":[{"href":"https:\/\/villascroatiarent.com\/de\/wp-json\/wp\/v2\/pages"}],"about":[{"href":"https:\/\/villascroatiarent.com\/de\/wp-json\/wp\/v2\/types\/page"}],"author":[{"embeddable":true,"href":"https:\/\/villascroatiarent.com\/de\/wp-json\/wp\/v2\/users\/1"}],"replies":[{"embeddable":true,"href":"https:\/\/villascroatiarent.com\/de\/wp-json\/wp\/v2\/comments?post=2204"}],"version-history":[{"count":3,"href":"https:\/\/villascroatiarent.com\/de\/wp-json\/wp\/v2\/pages\/2204\/revisions"}],"predecessor-version":[{"id":2893,"href":"https:\/\/villascroatiarent.com\/de\/wp-json\/wp\/v2\/pages\/2204\/revisions\/2893"}],"wp:attachment":[{"href":"https:\/\/villascroatiarent.com\/de\/wp-json\/wp\/v2\/media?parent=2204"}],"curies":[{"name":"wp","href":"https:\/\/api.w.org\/{rel}","templated":true}]}}