{"id":2863,"date":"2021-06-22T10:07:25","date_gmt":"2021-06-22T10:07:25","guid":{"rendered":"https:\/\/villascroatiarent.com\/?page_id=2863"},"modified":"2026-03-25T21:02:08","modified_gmt":"2026-03-25T21:02:08","slug":"villa-laura-preise","status":"publish","type":"page","link":"https:\/\/villascroatiarent.com\/de\/villa-laura-preise\/","title":{"rendered":"Villa Laura  Preise"},"content":{"rendered":"\n<div style=\"height:30px\" aria-hidden=\"true\" class=\"wp-block-spacer\"><\/div>\n\n<p>In Zeiten mit einem Mindestaufenthalt von 7 N\u00e4chten ist der An- und Abreisetag immer SAMSTAG.\nDer Check-In erfolgt zwischen 16.00 und 19.00 Uhr. Der Check-out erfolgt bis 10.00 Uhr.\nF\u00fcr Sonderw\u00fcnsche kontaktieren Sie uns.<\/p>\n\n<p>Der Preis beinhaltet die Nutzung der Villa sowie Strom- und Wasserverbrauch.\n<strong>Bitte beachten Sie, dass eine Kurtaxe von 1,60 \u20ac pro Person und Tag anf\u00e4llt (nicht im Preis enthalten).<\/strong>\nDie Kurtaxe ist bei Schl\u00fcssel\u00fcbergabe in bar zu entrichten.<\/p>\n\n<p>ERG\u00c4NZUNGEN\nEin gut erzogenes Haustier ist gegen eine Reinigungsgeb\u00fchr von 10,00 \u20ac pro Tag willkommen (auf Anfrage sind maximal 2 Haustiere erlaubt).\nEs besteht die M\u00f6glichkeit, beheiztes Wasser f\u00fcr den gro\u00dfen Swimmingpool und das Kinderbecken gegen einen Aufpreis von 35,00 \u20ac pro Tag (mindestens 7 Tage) anzufordern.\nEs besteht die M\u00f6glichkeit, den Whirlpool auf der Terrasse im ersten Stock mit beheiztem Wasser gegen einen Aufpreis von 15,00 \u20ac pro Tag (mindestens 7 Tage) anzufordern.<\/p>\n\n<div style=\"height:30px\" aria-hidden=\"true\" class=\"wp-block-spacer\"><\/div>\n\n<p class=\"has-text-align-center\"><mark class=\"has-inline-color has-vivid-red-color\" style=\"background-color: #fcb900;\">*** Inklusive Kinderbecken, gro\u00dfem Pool und beheiztem Whirlpool auf der Terrasse.\n<\/mark><\/p>\n\n<p><\/p>\n\n<p><strong>PRICE LIST 2026 &#8211; VILLA LAURA<\/strong><\/p>\n\n<figure class=\"wp-block-table\"><table><tbody><tr><td class=\"has-text-align-center\" data-align=\"center\"><strong>VOM<\/strong><\/td><td class=\"has-text-align-center\" data-align=\"center\"><strong>BIS<\/strong><\/td><td class=\"has-text-align-center\" data-align=\"center\"><strong>MINDESTAUFENTHALT<\/strong><\/td><td class=\"has-text-align-center\" data-align=\"center\"><strong>PREIS PRO WOCHE \u20ac<\/strong><\/td><td class=\"has-text-align-center\" data-align=\"center\"><strong>SONDERPREIS<\/strong><\/td><\/tr><tr><td class=\"has-text-align-center\" data-align=\"center\"><mark class=\"has-inline-color has-vivid-red-color\" style=\"background-color: #00d084;\">21\/03\/2026<\/mark><\/td><td class=\"has-text-align-center\" data-align=\"center\"><mark class=\"has-inline-color has-vivid-red-color\" style=\"background-color: #00d084;\">11\/04\/2026<\/mark><\/td><td class=\"has-text-align-center\" data-align=\"center\"><mark class=\"has-inline-color has-vivid-red-color\" style=\"background-color: #00d084;\">7<\/mark><\/td><td class=\"has-text-align-center\" data-align=\"center\"><mark class=\"has-inline-color has-vivid-red-color\" style=\"background-color: #00d084;\">1.550,00<\/mark><\/td><td class=\"has-text-align-center\" data-align=\"center\"><\/td><\/tr><tr><td class=\"has-text-align-center\" data-align=\"center\"><strong>12\/04\/2026<\/strong><\/td><td class=\"has-text-align-center\" data-align=\"center\"><strong>25\/04\/2026<\/strong><\/td><td class=\"has-text-align-center\" data-align=\"center\"><strong>7<\/strong><\/td><td class=\"has-text-align-center\" data-align=\"center\"><strong>1.850,00<\/strong><\/td><td class=\"has-text-align-center\" data-align=\"center\"><\/td><\/tr><tr><td class=\"has-text-align-center\" data-align=\"center\">26\/04\/2026<\/td><td class=\"has-text-align-center\" data-align=\"center\">16\/05\/2026<\/td><td class=\"has-text-align-center\" data-align=\"center\">7<\/td><td class=\"has-text-align-center\" data-align=\"center\">1.750,00<\/td><td class=\"has-text-align-center\" data-align=\"center\"><\/td><\/tr><tr><td class=\"has-text-align-center\" data-align=\"center\"><mark class=\"has-inline-color has-vivid-red-color\" style=\"background-color: #00d084;\">17\/05\/2026<\/mark><\/td><td class=\"has-text-align-center\" data-align=\"center\"><mark class=\"has-inline-color has-vivid-red-color\" style=\"background-color: #00d084;\">04\/07\/2026<\/mark><\/td><td class=\"has-text-align-center\" data-align=\"center\"><mark class=\"has-inline-color has-vivid-red-color\" style=\"background-color: #00d084;\">7<\/mark><\/td><td class=\"has-text-align-center\" data-align=\"center\"><mark class=\"has-inline-color has-vivid-red-color\" style=\"background-color: #00d084;\">2.200,00<\/mark><\/td><td class=\"has-text-align-center\" data-align=\"center\"><\/td><\/tr><tr><td class=\"has-text-align-center\" data-align=\"center\"><strong>05\/07\/2026<\/strong><\/td><td class=\"has-text-align-center\" data-align=\"center\"><strong>11\/07\/2026<\/strong><\/td><td class=\"has-text-align-center\" data-align=\"center\"><strong>7<\/strong><\/td><td class=\"has-text-align-center\" data-align=\"center\"><strong>2.900,00<\/strong><\/td><td class=\"has-text-align-center\" data-align=\"center\"><\/td><\/tr><tr><td class=\"has-text-align-center\" data-align=\"center\">12\/07\/2026<\/td><td class=\"has-text-align-center\" data-align=\"center\">21\/08\/20226<\/td><td class=\"has-text-align-center\" data-align=\"center\">7<\/td><td class=\"has-text-align-center\" data-align=\"center\">3.600,00<\/td><td class=\"has-text-align-center\" data-align=\"center\"><\/td><\/tr><tr><td class=\"has-text-align-center\" data-align=\"center\"><mark class=\"has-inline-color has-vivid-red-color\" style=\"background-color: #00d084;\">22\/08\/2026<\/mark><\/td><td class=\"has-text-align-center\" data-align=\"center\"><mark class=\"has-inline-color has-vivid-red-color\" style=\"background-color: #00d084;\">28\/08\/2026<\/mark><\/td><td class=\"has-text-align-center\" data-align=\"center\"><mark class=\"has-inline-color has-vivid-red-color\" style=\"background-color: #00d084;\">7<\/mark><\/td><td class=\"has-text-align-center\" data-align=\"center\"><mark class=\"has-inline-color has-vivid-red-color\" style=\"background-color: #00d084;\"><s>3.400,00<\/s><\/mark><\/td><td class=\"has-text-align-center\" data-align=\"center\"><strong><mark class=\"has-inline-color has-vivid-red-color\" style=\"background-color: rgba(0, 0, 0, 0);\">2.800,00<\/mark><\/strong><\/td><\/tr><tr><td class=\"has-text-align-center\" data-align=\"center\"><strong>29\/08\/2026<\/strong><\/td><td class=\"has-text-align-center\" data-align=\"center\"><strong>04\/09\/2026<\/strong><\/td><td class=\"has-text-align-center\" data-align=\"center\"><strong>7<\/strong><\/td><td class=\"has-text-align-center\" data-align=\"center\"><strong><s>2.450,00<\/s><\/strong><\/td><td class=\"has-text-align-center\" data-align=\"center\"><strong><mark class=\"has-inline-color has-vivid-red-color\" style=\"background-color: rgba(0, 0, 0, 0);\">2.200,00<\/mark><\/strong><\/td><\/tr><tr><td class=\"has-text-align-center\" data-align=\"center\">05\/09\/2026<\/td><td class=\"has-text-align-center\" data-align=\"center\">11\/09\/2026<\/td><td class=\"has-text-align-center\" data-align=\"center\">7<\/td><td class=\"has-text-align-center\" data-align=\"center\"><s>2.100,00<\/s><\/td><td class=\"has-text-align-center\" data-align=\"center\"><strong><mark class=\"has-inline-color has-vivid-red-color\" style=\"background-color: rgba(0, 0, 0, 0);\">1.900,00<\/mark><\/strong><\/td><\/tr><tr><td class=\"has-text-align-center\" data-align=\"center\"><mark class=\"has-inline-color has-vivid-red-color\" style=\"background-color: #00d084;\">12\/09\/2026<\/mark><\/td><td class=\"has-text-align-center\" data-align=\"center\"><mark class=\"has-inline-color has-vivid-red-color\" style=\"background-color: #00d084;\">25\/09\/2026<\/mark><\/td><td class=\"has-text-align-center\" data-align=\"center\"><mark class=\"has-inline-color has-vivid-red-color\" style=\"background-color: #00d084;\">7<\/mark><\/td><td class=\"has-text-align-center\" data-align=\"center\"><mark class=\"has-inline-color has-vivid-red-color\" style=\"background-color: #00d084;\"><s>2.000,00<\/s><\/mark><\/td><td class=\"has-text-align-center\" data-align=\"center\"><strong><mark class=\"has-inline-color has-vivid-red-color\" style=\"background-color: rgba(0, 0, 0, 0);\">1.900,00<\/mark><\/strong><\/td><\/tr><tr><td class=\"has-text-align-center\" data-align=\"center\"><strong>26\/09\/2026<\/strong><\/td><td class=\"has-text-align-center\" data-align=\"center\"><strong>17\/10\/2026<\/strong><\/td><td class=\"has-text-align-center\" data-align=\"center\"><strong>7<\/strong><\/td><td class=\"has-text-align-center\" data-align=\"center\"><strong><s>1.680,00<\/s><\/strong><\/td><td class=\"has-text-align-center\" data-align=\"center\"><strong><mark class=\"has-inline-color has-vivid-red-color\" style=\"background-color: rgba(0, 0, 0, 0);\">1.550,00<\/mark><\/strong><\/td><\/tr><\/tbody><\/table><\/figure>\n","protected":false},"excerpt":{"rendered":"<p>In Zeiten mit einem Mindestaufenthalt von 7 N\u00e4chten ist der An- und Abreisetag immer SAMSTAG. Der Check-In erfolgt zwischen 16.00 und 19.00 Uhr. Der Check-out erfolgt bis 10.00 Uhr. F\u00fcr Sonderw\u00fcnsche kontaktieren Sie uns. Der Preis beinhaltet die Nutzung der Villa sowie Strom- und Wasserverbrauch. Bitte beachten Sie, dass eine Kurtaxe von 1,60 \u20ac pro [&hellip;]<\/p>\n","protected":false},"author":1,"featured_media":0,"parent":0,"menu_order":9,"comment_status":"closed","ping_status":"closed","template":"","meta":{"_glsr_average":0,"_glsr_ranking":0,"_glsr_reviews":0,"_genesis_hide_title":false,"_genesis_hide_breadcrumbs":false,"_genesis_hide_singular_image":false,"_genesis_hide_footer_widgets":false,"_genesis_custom_body_class":"","_genesis_custom_post_class":"","_genesis_layout":""},"_links":{"self":[{"href":"https:\/\/villascroatiarent.com\/de\/wp-json\/wp\/v2\/pages\/2863"}],"collection":[{"href":"https:\/\/villascroatiarent.com\/de\/wp-json\/wp\/v2\/pages"}],"about":[{"href":"https:\/\/villascroatiarent.com\/de\/wp-json\/wp\/v2\/types\/page"}],"author":[{"embeddable":true,"href":"https:\/\/villascroatiarent.com\/de\/wp-json\/wp\/v2\/users\/1"}],"replies":[{"embeddable":true,"href":"https:\/\/villascroatiarent.com\/de\/wp-json\/wp\/v2\/comments?post=2863"}],"version-history":[{"count":17,"href":"https:\/\/villascroatiarent.com\/de\/wp-json\/wp\/v2\/pages\/2863\/revisions"}],"predecessor-version":[{"id":3287,"href":"https:\/\/villascroatiarent.com\/de\/wp-json\/wp\/v2\/pages\/2863\/revisions\/3287"}],"wp:attachment":[{"href":"https:\/\/villascroatiarent.com\/de\/wp-json\/wp\/v2\/media?parent=2863"}],"curies":[{"name":"wp","href":"https:\/\/api.w.org\/{rel}","templated":true}]}}