{"id":1881,"date":"2019-09-16T14:29:51","date_gmt":"2019-09-16T14:29:51","guid":{"rendered":"https:\/\/villascroatiarent.com\/?page_id=1881"},"modified":"2019-11-27T09:23:21","modified_gmt":"2019-11-27T09:23:21","slug":"istria","status":"publish","type":"page","link":"https:\/\/villascroatiarent.com\/en\/istria\/","title":{"rendered":"Istria"},"content":{"rendered":"\n<figure class=\"wp-block-pullquote\"><blockquote><p>Croatia offers everything you may need to spend unforgettable holidays: mild weather, enchanting beaches, unspoiled nature and postcard views. <\/p><\/blockquote><\/figure>\n\n\n\n<p>With its extremely long coast, Croatia is the perfect destination for seaside holidays. Thanks to its wide offer, Croatia satisfies every kind of tourist, from families to young people, with many different proposals to please them all. If you are sporty and adventurous you surely will love exploring the mountain bike trails on the hinterland hills, practicing rafting in the creeks and discovering the wonderful seabed.<br>\nIf you prefer relaxing holidays and love history, we suggest that you visit some mesmerizing towns such as Pula, Dubrovnik, Split and Zadar.<\/p>\n\n\n\n<div class=\"wp-block-columns has-2-columns is-layout-flex wp-container-3\">\n<div class=\"wp-block-column is-layout-flow\">\n<figure class=\"wp-block-image\"><img decoding=\"async\" loading=\"lazy\" width=\"1024\" height=\"683\" src=\"http:\/\/villas.test\/wp-content\/uploads\/2019\/09\/PulaArena-1024x683.jpg\" alt=\"Pula Arena\" class=\"wp-image-2000\" srcset=\"https:\/\/villascroatiarent.com\/wp-content\/uploads\/2019\/09\/PulaArena-1024x683.jpg 1024w, https:\/\/villascroatiarent.com\/wp-content\/uploads\/2019\/09\/PulaArena-300x200.jpg 300w, https:\/\/villascroatiarent.com\/wp-content\/uploads\/2019\/09\/PulaArena-768x512.jpg 768w, https:\/\/villascroatiarent.com\/wp-content\/uploads\/2019\/09\/PulaArena.jpg 1200w\" sizes=\"(max-width: 1024px) 100vw, 1024px\" \/><figcaption>Ancient Roman amphitheater in Pula<\/figcaption><\/figure>\n<\/div>\n\n\n\n<div class=\"wp-block-column is-layout-flow\">\n<figure class=\"wp-block-image\"><img decoding=\"async\" loading=\"lazy\" width=\"1024\" height=\"683\" src=\"http:\/\/villas.test\/wp-content\/uploads\/2019\/09\/IstrianTown-1024x683.jpg\" alt=\"Typical street of an Istrian town\" class=\"wp-image-2005\" srcset=\"https:\/\/villascroatiarent.com\/wp-content\/uploads\/2019\/09\/IstrianTown-1024x683.jpg 1024w, https:\/\/villascroatiarent.com\/wp-content\/uploads\/2019\/09\/IstrianTown-300x200.jpg 300w, https:\/\/villascroatiarent.com\/wp-content\/uploads\/2019\/09\/IstrianTown-768x512.jpg 768w, https:\/\/villascroatiarent.com\/wp-content\/uploads\/2019\/09\/IstrianTown.jpg 1200w\" sizes=\"(max-width: 1024px) 100vw, 1024px\" \/><figcaption>Typical street of a small town in Istria<\/figcaption><\/figure>\n<\/div>\n<\/div>\n\n\n\n<div style=\"height:25px\" aria-hidden=\"true\" class=\"wp-block-spacer\"><\/div>\n\n\n\n<h3 class=\"wp-block-heading\">Architectural beauties and breath-taking landscapes<\/h3>\n\n\n\n<div style=\"height:25px\" aria-hidden=\"true\" class=\"wp-block-spacer\"><\/div>\n\n\n\n<p>There is a perfect balance between the breath-taking views of sunsets on the sea and the inebriating scents coming from plates of fresh fish.<br>\nStrolling along streets and alleys of art cities to discover typical products of our generous land and local handicrafted creations will donate a harmony of sensations, sounds and colours to you.<br>\nRefined wines with their intense scent may complete a romantic dinner after an exciting boat trip or a bike tour.<br>\nThese are just some examples of awesomeness you can enjoy in the fantastic land of Istria.<\/p>\n\n\n\n<div style=\"height:50px\" aria-hidden=\"true\" class=\"wp-block-spacer\"><\/div>\n\n\n\n<div class=\"trip-box alignfull\"><div class=\"trip-content\">\n\n\n\n<h3 class=\"wp-block-heading\">How to reach Croatia<\/h3>\n\n\n\n<span class=\"trip-mode\"><i class=\"fas fa-car\"><\/i> <b>BY CAR<\/b><\/span>\n\n\n\n<p>For people living in the North of Italy the best way to reach Croatia is travelling by car. It takes just 4 hours from Venice to go to Pula, the southern point of Istria.<br><em>REMARK: the route includes a brief stretch of Slovenian motorway for which you need to pay the mandatory motorway pre-paid fee.<\/em><\/p>\n\n\n\n<p><br><\/p>\n\n\n\n<span class=\"trip-mode\"><i class=\"fas fa-ship\"><\/i><\/i> <b>BY FERRYBOAT<\/b><\/span>\n\n\n\n<p>Do you live in other areas and you prefer avoiding too many driving hours but you want to carry your own car with you to Croatia in order to move easily once you arrive? You can take a ferryboat to Croatia, they are leaving from several cities in Italy, such as Ancona, Trieste, Venice, Bari, Cesenatico, Civitanova Marche and Pesaro. Hydrofoils leave from some of the mentioned ports, they can be a great solutions for those who are not interested in having their own car with them in Croatia but are willing to reach their destination in a quicker way.<\/p>\n\n\n\n<span class=\"trip-mode\"><i class=\"fas fa-plane\"><\/i><\/i> <b>BY PLANE<\/b><\/span>\n\n\n\n<p>Another possibility is to fly to Croatia.<br>The main Croatian airports are in Pula, Zadar, Dubrovnick and Split.<\/p>\n\n\n\n<\/div><\/div>\n\n\n\n<div style=\"height:50px\" aria-hidden=\"true\" class=\"wp-block-spacer\"><\/div>\n\n\n\n<h3 class=\"wp-block-heading\">Delicious typical cuisine<\/h3>\n\n\n\n<div style=\"height:25px\" aria-hidden=\"true\" class=\"wp-block-spacer\"><\/div>\n\n\n\n<p>Croatian cuisine is really multifaceted as it is the results of the influence of many different peoples which entered in contact with this land.<br>\nEach area is characterised by its own peculiarities and this is also due to the vary features of Croatian territory.<br>\nThere is, however, a common and shared aspect among all these peculiarities and it is represented by the the use of local and always fresh raw materials.<\/p>\n\n\n\n<p>The nothern hinterland of Croatia is influenced by Austrian cuisine with peculiar dishes like roasted meat and spits.<br>\nGetting closer to eastern Europe countries we meet strong tastes characterised by the plentiful use of garlic and spices and also some typical dishes of this area such as stew and soup.<br>\nAs long as we get closer to the coast, Croatian cuisine changes completely offering again tastes and smells typical of the Mediterranean area.<br>\nOlive oil, fresh fish and shellfish are widespread along the coast.<br>\nAll over Croatia you can find a wide variety of cheese coming from the numerous sheeps and goats livestocks.<\/p>\n\n\n\n<div class=\"wp-block-columns has-3-columns is-layout-flex wp-container-7\">\n<div class=\"wp-block-column is-layout-flow\">\n<figure class=\"wp-block-image size-large\"><img decoding=\"async\" loading=\"lazy\" width=\"1024\" height=\"683\" src=\"https:\/\/villascroatiarent.com\/wp-content\/uploads\/2019\/09\/FishDish-1024x683.jpg\" alt=\"Grilled fish dish\" class=\"wp-image-2009\" srcset=\"https:\/\/villascroatiarent.com\/wp-content\/uploads\/2019\/09\/FishDish.jpg 1024w, https:\/\/villascroatiarent.com\/wp-content\/uploads\/2019\/09\/FishDish-300x200.jpg 300w, https:\/\/villascroatiarent.com\/wp-content\/uploads\/2019\/09\/FishDish-768x512.jpg 768w\" sizes=\"(max-width: 1024px) 100vw, 1024px\" \/><figcaption>Delicious fresh fish dishes<\/figcaption><\/figure>\n<\/div>\n\n\n\n<div class=\"wp-block-column is-layout-flow\">\n<figure class=\"wp-block-image\"><img decoding=\"async\" loading=\"lazy\" width=\"1024\" height=\"683\" src=\"https:\/\/villascroatiarent.com\/wp-content\/uploads\/2019\/09\/chevapcici-1024x683.jpg\" alt=\"Traditional Istrian\" class=\"wp-image-2017\" srcset=\"https:\/\/villascroatiarent.com\/wp-content\/uploads\/2019\/09\/chevapcici.jpg 1024w, https:\/\/villascroatiarent.com\/wp-content\/uploads\/2019\/09\/chevapcici-300x200.jpg 300w, https:\/\/villascroatiarent.com\/wp-content\/uploads\/2019\/09\/chevapcici-768x512.jpg 768w\" sizes=\"(max-width: 1024px) 100vw, 1024px\" \/><figcaption>Traditional cevapcici served with potatoes<\/figcaption><\/figure>\n<\/div>\n\n\n\n<div class=\"wp-block-column is-layout-flow\">\n<figure class=\"wp-block-image\"><img decoding=\"async\" loading=\"lazy\" width=\"1024\" height=\"683\" src=\"https:\/\/villascroatiarent.com\/wp-content\/uploads\/2019\/09\/calamari-1024x683.jpg\" alt=\"Fresh grilled squids\" class=\"wp-image-2020\" srcset=\"https:\/\/villascroatiarent.com\/wp-content\/uploads\/2019\/09\/calamari.jpg 1024w, https:\/\/villascroatiarent.com\/wp-content\/uploads\/2019\/09\/calamari-300x200.jpg 300w, https:\/\/villascroatiarent.com\/wp-content\/uploads\/2019\/09\/calamari-768x512.jpg 768w\" sizes=\"(max-width: 1024px) 100vw, 1024px\" \/><figcaption>Fresh grilled squids<\/figcaption><\/figure>\n<\/div>\n<\/div>\n\n\n\n<p>If you get fed up of having delicious fish dishes prepared with prowess by almost all the restaurant owners along the coast, we suggest you try <em><strong>\u0106evap\u010di\u0107i<\/strong><\/em>, a sausage made of minced meat with different spices, typical of the countries of the Balkan peninsula.<br> We recommend that you taste <em><strong>Palacinke<\/strong><\/em>, a traditional sweet crepe filled with different ingredients, a milestone of the Croatian cuisine.<\/p>\n\n\n\n<p>Either you choose a <strong><em>Restauracija<\/em><\/strong>, elegant and refined local restaurants, or a more modest <strong><em>Konoba<\/em><\/strong>, family-run traditional restaurants, we are sure you will fall in love with the taste and the variety of Croatian cuisine.<\/p>\n\n\n\n<div style=\"height:50px\" aria-hidden=\"true\" class=\"wp-block-spacer\"><\/div>\n\n\n\n<div class=\"link-box alignfull\"><div class=\"link-content\">\n\n\n\n<h3 class=\"wp-block-heading\">Utility link<\/h3>\n\n\n\n<p>Official website of Croatian National Tourism Authority: <a rel=\"noreferrer noopener\" aria-label=\" (apre in una nuova scheda)\" href=\"http:\/\/www.croatia.hr\" target=\"_blank\">www.croatia.hr<\/a><br>Official website of Istrian Tourism Authority: <a href=\"http:\/\/www.istra.hr\" target=\"_blank\" rel=\"noreferrer noopener\" aria-label=\" (apre in una nuova scheda)\">www.istra.hr<\/a><\/p>\n\n\n\n<\/div><\/div>\n","protected":false},"excerpt":{"rendered":"<p>The ideal destination for a dream holiday<\/p>\n","protected":false},"author":1,"featured_media":1996,"parent":0,"menu_order":0,"comment_status":"closed","ping_status":"closed","template":"","meta":{"_glsr_average":0,"_glsr_ranking":0,"_glsr_reviews":0,"_genesis_hide_title":false,"_genesis_hide_breadcrumbs":false,"_genesis_hide_singular_image":false,"_genesis_hide_footer_widgets":false,"_genesis_custom_body_class":"","_genesis_custom_post_class":"","_genesis_layout":"full-width-content"},"_links":{"self":[{"href":"https:\/\/villascroatiarent.com\/en\/wp-json\/wp\/v2\/pages\/1881"}],"collection":[{"href":"https:\/\/villascroatiarent.com\/en\/wp-json\/wp\/v2\/pages"}],"about":[{"href":"https:\/\/villascroatiarent.com\/en\/wp-json\/wp\/v2\/types\/page"}],"author":[{"embeddable":true,"href":"https:\/\/villascroatiarent.com\/en\/wp-json\/wp\/v2\/users\/1"}],"replies":[{"embeddable":true,"href":"https:\/\/villascroatiarent.com\/en\/wp-json\/wp\/v2\/comments?post=1881"}],"version-history":[{"count":0,"href":"https:\/\/villascroatiarent.com\/en\/wp-json\/wp\/v2\/pages\/1881\/revisions"}],"wp:featuredmedia":[{"embeddable":true,"href":"https:\/\/villascroatiarent.com\/en\/wp-json\/wp\/v2\/media\/1996"}],"wp:attachment":[{"href":"https:\/\/villascroatiarent.com\/en\/wp-json\/wp\/v2\/media?parent=1881"}],"curies":[{"name":"wp","href":"https:\/\/api.w.org\/{rel}","templated":true}]}}