{"id":1922,"date":"2019-09-17T08:03:38","date_gmt":"2019-09-17T08:03:38","guid":{"rendered":"https:\/\/villascroatiarent.com\/?page_id=1922"},"modified":"2019-09-17T13:52:40","modified_gmt":"2019-09-17T13:52:40","slug":"privacy-policy","status":"publish","type":"page","link":"https:\/\/villascroatiarent.com\/en\/privacy-policy\/","title":{"rendered":"Privacy Policy"},"content":{"rendered":"\n<p>Questa informativa \u00e8 resa ai sensi del D. lgs. 196\/2003 (\u201cCodice Privacy\u201d)  e del Regolamento UE 679\/2016 (\u201cGDPR\u201d) e si applica esclusivamente ai dati raccolti attraverso il sito www.villascroatiarent.com<\/p>\n\n\n\n<h3 class=\"wp-block-heading\">Titolare del trattamento<\/h3>\n\n\n\n<p>ONDA BLU D.O.O.<br>Via Dalmatinova 4 &#8211; 52100 Polo &#8211; OIB: 73673459746<br><a href=\"mailto:info@villascroatiarent.com\">info@villascroatiarent.com<\/a><\/p>\n\n\n\n<h3 class=\"wp-block-heading\">Tipi di dati e come vengono raccolti<\/h3>\n\n\n\n<p><strong>MODULO DI CONTATTO \/ PRENOTAZIONE<\/strong><br>Quando compili un modulo di contatto in questo sito, acconsenti all\u2019utilizzo dei tuoi dati per rispondere alle richieste di informazioni, di preventivo, o di qualunque altra natura indicata dall\u2019intestazione del modulo.<br>Se rifiuti di comunicarli, potrebbe essere impossibile per questo sito web fornire il Servizio richiesto. Nei casi in cui questo alcuni dati sono indicati come facoltatitivi, sei libero di astenerti dal comunicare tali dati, senza che ci\u00f2 abbia alcuna conseguenza sulla disponibilit\u00e0 del servizio o sulla sua operativit\u00e0.<\/p>\n\n\n\n<p><strong>DATI DI NAVIGAZIONE<\/strong><br>Quando navighi in internet il dispositivo che utilizzi trasmette una serie di dati identificativi indispensabili per utilizzare internet. Questi dati sono utilizzati al solo fine di ricavare informazioni statistiche anonime sull\u2019uso del sito, per il miglioramento del servizio e per controllarne il corretto funzionamento e vengono cancellati subito dopo l\u2019elaborazione. In questa categoria di dati rientrano gli indirizzi IP o i nomi a dominio dei computer utilizzati dagli utenti che si connettono al sito, i browser e i parametri del sistema informatico utilizzato per connettersi al sito. Per scopi statistci questo sito web si avvale di Google Analytics.<br>Google Analytics \u00e8 un servizio di analisi web fornito da Google Inc. (\u201cGoogle\u201d). Google utilizza i dati personali, raccolti in forma anonima su questo sito, allo scopo di tracciare l\u2019utilizzo di questo Sito Web, compilare report e condividerli con gli altri servizi sviluppati da Google.<br>Google potrebbe utilizzare i Dati Personali, raccolti in modo anonima su questo sito, per contestualizzare e personalizzare gli annunci del proprio network pubblicitario.<br>Dati Personali raccolti: Cookie e Dati di utilizzo.<br>Luogo del trattamento: USA \u2013 Privacy Policy (<a href=\"https:\/\/policies.google.com\/privacy\">https:\/\/policies.google.com\/privacy<\/a>)<\/p>\n\n\n\n<p><strong>COOKIES<\/strong><br>Questo sito utilizza i cookies. Per informazioni pi\u00f9 dettagliate, leggi l\u2019informativa sui cookies.<\/p>\n\n\n\n<p><strong>SOCIAL NETWORK<\/strong><br>Questo tipo di servizi permette di effettuare interazioni con i social network, o con altre piattaforme esterne, direttamente dalle pagine di questo Sito Web. Le interazioni e le informazioni acquisite da questo Sito Web sono in ogni caso soggette alle impostazioni privacy dell\u2019Utente relative ad ogni social network. Nel caso in cui sia installato un servizio di interazione con i social network, \u00e8 possibile che, anche nel caso gli Utenti non utilizzino il servizio, lo stesso raccolga dati di traffico relativi alle pagine in cui \u00e8 installato.<\/p>\n\n\n\n<p><strong>Pulsante Mi Piace e widget sociali di Facebook (Facebook, Inc.)<\/strong><br>Il pulsante \u201cMi Piace\u201d e i widget sociali di Facebook sono servizi di interazione con il social network Facebook, forniti da Facebook, Inc.<br>Dati Personali raccolti: Cookie e Dati di utilizzo.<br>Luogo del trattamento: USA \u2013 Privacy Policy (<a href=\"https:\/\/www.facebook.com\/privacy\/explanation\">https:\/\/www.facebook.com\/privacy\/explanation<\/a>)<\/p>\n\n\n\n<p><strong>Protezione dallo SPAM<\/strong><br>Questo tipo di servizi analizza il traffico di questo Sito Web, potenzialmente contenente Dati Personali degli Utenti, al fine di filtrarlo da parti di traffico, messaggi e contenuti riconosciuti come SPAM. A questo scopo utilizziamo Akismet (Automattic Inc.).<br>Akismet \u00e8 un servizio di protezione dallo SPAM fornito da Automattic Inc.<br>Dati Personali raccolti: varie tipologie di Dati secondo quanto specificato dalla privacy policy del servizio.<br>Luogo del trattamento: USA \u2013 Privacy Policy (<a href=\"https:\/\/automattic.com\/privacy\/\">https:\/\/automattic.com\/privacy\/<\/a>)<\/p>\n\n\n\n<h3 class=\"wp-block-heading\">Finalit\u00e0<\/h3>\n\n\n\n<p>Trattiamo i tuoi dati personali per queste finalit\u00e0:<br>a) finalit\u00e0 inerenti l\u2019esecuzione di un contratto di cui sei parte o all\u2019esecuzione di misure precontrattuali adottate su tua richiesta (es: richiesta di contatto tramite il modulo Contatti, richiesta di prenotazione ecc.);<br>In questo caso la base giuridica che giustifica il trattamento \u00e8 l\u2019erogazione di un servizio o il riscontro ad una tua richiesta.<br>b) finalit\u00e0 di ricerche\/analisi statistiche su dati aggregati o anonimi, senza possibilit\u00e0 di identificare l\u2019utente, per misurare il funzionamento del sito, misurare il traffico e valutare usabilit\u00e0 e interesse;<br>c) finalit\u00e0 relative all\u2019adempimento di un obbligo legale a cui sono soggetto;<br>d) finalit\u00e0 necessarie ad accertare, esercitare o difendere un diritto in sede giudiziaria o legate al caso in cui le autorit\u00e0 giurisdizionali esercitino le loro funzioni. In questi ultimi due casi, il trattamento dei dati \u00e8 necessario per adempiere ad un obbligo di legge.<br>Puoi decidere di non fornire i tuoi dati personali; in questo caso per\u00f2 potrebbe essere impossibile riscontrare una tua richiesta o adempiere ad un obbligo legale cui siamo soggetto.<\/p>\n\n\n\n<h3 class=\"wp-block-heading\">Tempi, Luogo e modalit\u00e0 di conservazione<\/h3>\n\n\n\n<p>Tratteremo i tuoi dati personali per il tempo strettamente necessario a raggiungere gli scopi indicati sopra.<br>Quando il trattamento \u00e8 basato sul consenso dell\u2019Utente, il Titolare pu\u00f2 conservare i Dati Personali pi\u00f9 a lungo sino a quando detto consenso non venga revocato. Inoltre il Titolare potrebbe essere obbligato a conservare i Dati Personali per un periodo pi\u00f9 lungo in ottemperanza ad un obbligo di legge o per ordine di un\u2019autorit\u00e0.<\/p>\n\n\n\n<p>I Dati sono trattati presso le sedi operative del Titolare ed in ogni altro luogo in cui le parti coinvolte nel trattamento siano localizzate. Per ulteriori informazioni, contatta il Titolare.<\/p>\n\n\n\n<p>I dati vengono raccolti e conservati tramite strumenti informatici. Adottiamo tutte le misure di sicurezza per impedire l\u2019accesso, la divulgazione, la modifica o la distruzione non autorizzate dei Dati Personali.<br>Oltre al Titolare, in alcuni casi, potrebbero avere accesso ai Dati altri soggetti coinvolti nell\u2019organizzazione di questo Sito Web (personale amministrativo, commerciale, marketing, legali, amministratori di sistema) ovvero soggetti esterni (come fornitori di servizi tecnici terzi, corrieri postali, hosting provider, societ\u00e0 informatiche, agenzie di comunicazione) nominati anche, se necessario, Responsabili del Trattamento da parte del Titolare. L\u2019elenco aggiornato dei Responsabili potr\u00e0 sempre essere richiesto al Titolare del Trattamento.<\/p>\n\n\n\n<h3 class=\"wp-block-heading\">Diritti degli utenti<\/h3>\n\n\n\n<p>L\u2019Utente ha il diritto di:<\/p>\n\n\n\n<ul><li><strong>Revocare il consenso in ogni momento<\/strong><br>L\u2019Utente pu\u00f2 revocare il consenso al trattamento dei propri Dati Personali precedentemente espresso.<\/li><li><strong>Opporsi al trattamento dei propri Dati<\/strong><br>L\u2019Utente pu\u00f2 opporsi al trattamento dei propri Dati quando esso avviene su una base giuridica diversa dal consenso. <\/li><li><strong>Accedere ai propri Dati<\/strong><br>L\u2019Utente ha diritto ad ottenere informazioni sui Dati trattati dal Titolare, su determinati aspetti del trattamento ed a ricevere una copia dei Dati trattati.<\/li><li><strong>Verificare e chiedere la rettifica<\/strong><br>L\u2019Utente pu\u00f2 verificare la correttezza dei propri Dati e richiederne l\u2019aggiornamento o la correzione.<\/li><li><strong>Ottenere la limitazione del trattamento<\/strong><br>Quando ricorrono determinate condizioni, l\u2019Utente pu\u00f2 richiedere la limitazione del trattamento dei propri Dati. In tal caso il Titolare non tratter\u00e0 i Dati per alcun altro scopo se non la loro conservazione.<\/li><li><strong>Ottenere la cancellazione o rimozione dei propri Dati Personali<\/strong><br>Quando ricorrono determinate condizioni, l\u2019Utente pu\u00f2 richiedere la cancellazione dei propri Dati da parte del Titolare.<\/li><li><strong>Rricevere i propri Dati o farli trasferire ad altro titolare<\/strong><br>L\u2019Utente ha diritto di ricevere i propri Dati in formato strutturato, di uso comune e leggibile da dispositivo automatico e, ove tecnicamente fattibile, di ottenerne il trasferimento senza ostacoli a un altro titolare. Questa disposizione \u00e8 applicabile quando i Dati sono trattati con strumenti automatizzati ed il trattamento \u00e8 basato sul consenso dell\u2019Utente, su un contratto di cui l\u2019Utente \u00e8 parte o su misure contrattuali ad esso connesse.<\/li><li><strong>Proporre reclamo<\/strong><br>L\u2019Utente pu\u00f2 proporre un reclamo all\u2019autorit\u00e0 di controllo della protezione dei dati personali competente o agire in sede giudiziale.<\/li><\/ul>\n","protected":false},"excerpt":{"rendered":"<p>Questa informativa \u00e8 resa ai sensi del D. lgs. 196\/2003 (\u201cCodice Privacy\u201d) e del Regolamento UE 679\/2016 (\u201cGDPR\u201d) e si applica esclusivamente ai dati raccolti attraverso il sito www.villascroatiarent.com Titolare del trattamento ONDA BLU D.O.O.Via Dalmatinova 4 &#8211; 52100 Polo &#8211; OIB: 73673459746info@villascroatiarent.com Tipi di dati e come vengono raccolti MODULO DI CONTATTO \/ PRENOTAZIONEQuando [&hellip;]<\/p>\n","protected":false},"author":1,"featured_media":0,"parent":0,"menu_order":8,"comment_status":"closed","ping_status":"closed","template":"","meta":{"_glsr_average":0,"_glsr_ranking":0,"_glsr_reviews":0,"_genesis_hide_title":false,"_genesis_hide_breadcrumbs":false,"_genesis_hide_singular_image":false,"_genesis_hide_footer_widgets":false,"_genesis_custom_body_class":"","_genesis_custom_post_class":"","_genesis_layout":""},"_links":{"self":[{"href":"https:\/\/villascroatiarent.com\/en\/wp-json\/wp\/v2\/pages\/1922"}],"collection":[{"href":"https:\/\/villascroatiarent.com\/en\/wp-json\/wp\/v2\/pages"}],"about":[{"href":"https:\/\/villascroatiarent.com\/en\/wp-json\/wp\/v2\/types\/page"}],"author":[{"embeddable":true,"href":"https:\/\/villascroatiarent.com\/en\/wp-json\/wp\/v2\/users\/1"}],"replies":[{"embeddable":true,"href":"https:\/\/villascroatiarent.com\/en\/wp-json\/wp\/v2\/comments?post=1922"}],"version-history":[{"count":0,"href":"https:\/\/villascroatiarent.com\/en\/wp-json\/wp\/v2\/pages\/1922\/revisions"}],"wp:attachment":[{"href":"https:\/\/villascroatiarent.com\/en\/wp-json\/wp\/v2\/media?parent=1922"}],"curies":[{"name":"wp","href":"https:\/\/api.w.org\/{rel}","templated":true}]}}